{"id":35,"date":"2018-11-18T08:10:06","date_gmt":"2018-11-18T08:10:06","guid":{"rendered":"http:\/\/taso.fi\/wordpress\/?page_id=35"},"modified":"2025-03-12T21:32:07","modified_gmt":"2025-03-12T19:32:07","slug":"soittajaksi-tasoon","status":"publish","type":"page","link":"https:\/\/taso.fi\/wordpress\/orkesteri\/yhteystiedot\/soittajaksi-tasoon\/","title":{"rendered":"Soittajaksi TASOon"},"content":{"rendered":"\n\n\n<p>Oletko kiinnostunut yll\u00e4pit\u00e4m\u00e4\u00e4n ja kehitt\u00e4m\u00e4\u00e4n soittotaitoasi sinfoniaorkesterissa? Tampereen akateeminen sinfoniaorkesteri TASO etsii joukkoonsa s\u00e4\u00e4nn\u00f6llisin v\u00e4liajoin uusia soittajia. Harjoittelemme maanantaisin klo 17.30-20.30 Tampereen yliopiston keskustakampuksen juhlasalissa. Uusille hakijoille j\u00e4rjestet\u00e4\u00e4n koesoitto.<\/p>\n\n\n<p>Koesoittovaatimukset sek\u00e4 lis\u00e4tietoja: soittajisto<img loading=\"lazy\" decoding=\"async\" class=\"alignnone size-full wp-image-99\" src=\"https:\/\/taso.fi\/wordpress\/wp-content\/uploads\/2018\/12\/taso-mailing-1.png\" alt=\"\" width=\"60\" height=\"12\" \/><\/p>\n\n\n<figure class=\"wp-block-image size-large\"><img loading=\"lazy\" decoding=\"async\" width=\"1024\" height=\"683\" src=\"https:\/\/taso.fi\/wordpress\/wp-content\/uploads\/2024\/10\/Taso1024vaaka-@Ville-Hautakangas-1024x683.jpg\" alt=\"\" class=\"wp-image-696\" srcset=\"https:\/\/taso.fi\/wordpress\/wp-content\/uploads\/2024\/10\/Taso1024vaaka-@Ville-Hautakangas-1024x683.jpg 1024w, https:\/\/taso.fi\/wordpress\/wp-content\/uploads\/2024\/10\/Taso1024vaaka-@Ville-Hautakangas-300x200.jpg 300w, https:\/\/taso.fi\/wordpress\/wp-content\/uploads\/2024\/10\/Taso1024vaaka-@Ville-Hautakangas-768x512.jpg 768w, https:\/\/taso.fi\/wordpress\/wp-content\/uploads\/2024\/10\/Taso1024vaaka-@Ville-Hautakangas-1536x1024.jpg 1536w, https:\/\/taso.fi\/wordpress\/wp-content\/uploads\/2024\/10\/Taso1024vaaka-@Ville-Hautakangas-2048x1365.jpg 2048w, https:\/\/taso.fi\/wordpress\/wp-content\/uploads\/2024\/10\/Taso1024vaaka-@Ville-Hautakangas-1620x1080.jpg 1620w\" sizes=\"(max-width: 1024px) 100vw, 1024px\" \/><figcaption class=\"wp-element-caption\">Kuvaaja: Ville Hautakangas<\/figcaption><\/figure>\n","protected":false},"excerpt":{"rendered":"<p>Oletko kiinnostunut yll\u00e4pit\u00e4m\u00e4\u00e4n ja kehitt\u00e4m\u00e4\u00e4n soittotaitoasi sinfoniaorkesterissa? Tampereen akateeminen sinfoniaorkesteri TASO etsii joukkoonsa s\u00e4\u00e4nn\u00f6llisin v\u00e4liajoin uusia soittajia. Harjoittelemme maanantaisin klo 17.30-20.30 Tampereen yliopiston keskustakampuksen juhlasalissa. Uusille hakijoille j\u00e4rjestet\u00e4\u00e4n koesoitto. Koesoittovaatimukset sek\u00e4 lis\u00e4tietoja: soittajisto<\/p>\n","protected":false},"author":1,"featured_media":937,"parent":23,"menu_order":0,"comment_status":"closed","ping_status":"closed","template":"","meta":{"saved_in_kubio":true,"footnotes":""},"class_list":["post-35","page","type-page","status-publish","has-post-thumbnail","hentry"],"kubio_ai_page_context":{"short_desc":"","purpose":"general"},"jetpack_sharing_enabled":true,"_links":{"self":[{"href":"https:\/\/taso.fi\/wordpress\/wp-json\/wp\/v2\/pages\/35","targetHints":{"allow":["GET"]}}],"collection":[{"href":"https:\/\/taso.fi\/wordpress\/wp-json\/wp\/v2\/pages"}],"about":[{"href":"https:\/\/taso.fi\/wordpress\/wp-json\/wp\/v2\/types\/page"}],"author":[{"embeddable":true,"href":"https:\/\/taso.fi\/wordpress\/wp-json\/wp\/v2\/users\/1"}],"replies":[{"embeddable":true,"href":"https:\/\/taso.fi\/wordpress\/wp-json\/wp\/v2\/comments?post=35"}],"version-history":[{"count":17,"href":"https:\/\/taso.fi\/wordpress\/wp-json\/wp\/v2\/pages\/35\/revisions"}],"predecessor-version":[{"id":884,"href":"https:\/\/taso.fi\/wordpress\/wp-json\/wp\/v2\/pages\/35\/revisions\/884"}],"up":[{"embeddable":true,"href":"https:\/\/taso.fi\/wordpress\/wp-json\/wp\/v2\/pages\/23"}],"wp:featuredmedia":[{"embeddable":true,"href":"https:\/\/taso.fi\/wordpress\/wp-json\/wp\/v2\/media\/937"}],"wp:attachment":[{"href":"https:\/\/taso.fi\/wordpress\/wp-json\/wp\/v2\/media?parent=35"}],"curies":[{"name":"wp","href":"https:\/\/api.w.org\/{rel}","templated":true}]}}