{"id":20,"date":"2024-10-18T11:08:22","date_gmt":"2024-10-18T08:08:22","guid":{"rendered":"http:\/\/taso.fi\/wordpress\/?page_id=20"},"modified":"2025-03-19T11:28:59","modified_gmt":"2025-03-19T09:28:59","slug":"orkesteri","status":"publish","type":"page","link":"https:\/\/taso.fi\/wordpress\/orkesteri\/","title":{"rendered":"Tutustu orkesteriin"},"content":{"rendered":"\n\n<p style=\"text-align: left;\"><span style=\"font-weight: 400;\">Tampereen akateeminen sinfoniaorkesteri TASO on 70 soittajan orkesteri, joka tunnetaan korkeatasoisista konserteista. Orkesterin soittajat ovat musiikin ammattilaisia, harrastajia ja opiskelijoita. Taiteellisena johtajana toimii kapellimestari<\/span><a href=\"https:\/\/taso.fi\/wordpress\/orkesteri\/taiteellinen-johtaja\/\"> <span style=\"font-weight: 400;\">Kimmo Tullila<\/span><\/a><span style=\"font-weight: 400;\">.\u00a0<\/span><\/p>\n<p style=\"text-align: left;\"><span style=\"font-weight: 400;\">Yli 20 vuoden toimintansa aikana orkesteri on soittanut monen tyylilajin musiikkia. Sen repertuaari on laaja ja vaativa, ja sis\u00e4lt\u00e4\u00e4 niin tunnettuja klassisen musiikin helmi\u00e4 kuin kevytt\u00e4, hengellist\u00e4 ja nykymusiikkiakin. Orkesterikirjallisuuden suurteoksista ohjelmistossa ovat esimerkiksi Jean Sibeliuksen <\/span><i><span style=\"font-weight: 400;\">Karelia-sarja <\/span><\/i><span style=\"font-weight: 400;\">ja <\/span><i><span style=\"font-weight: 400;\">Pohjolan tyt\u00e4r<\/span><\/i><span style=\"font-weight: 400;\">, isoista kirkkomusiikkiteoksista Gabriel Faur\u00e9n<\/span> <i><span style=\"font-weight: 400;\">Requiem<\/span><\/i><span style=\"font-weight: 400;\"> ja<\/span> <span style=\"font-weight: 400;\">Wolfgang Amadeus Mozartin <\/span><i><span style=\"font-weight: 400;\">Requiem<\/span><\/i><span style=\"font-weight: 400;\"> sek\u00e4 elokuvamusiikin puolelta George Gershwinin s\u00e4velt\u00e4m\u00e4<\/span><i><span style=\"font-weight: 400;\"> Porgy and Bess<\/span><\/i><span style=\"font-weight: 400;\">.<\/span><\/p>\n<p style=\"text-align: left;\"><span style=\"font-weight: 400;\">Esiintymisi\u00e4 on ollut sek\u00e4 konserttisaleissa ett\u00e4 erilaisissa tapahtumissa. TASO soitti vuonna 2024 Tampereella pidetyill\u00e4 valtakunnallisilla Kirkon juhlilla, joilla oli yli 10\u202f000 k\u00e4vij\u00e4\u00e4. Useana vuonna se on vastannut <\/span><i><span style=\"font-weight: 400;\">Lumiukko<\/span><\/i><span style=\"font-weight: 400;\">-elokuvakonsertin livemusiikista Tampere-talossa. Vuosittain TASO soittaa seitsem\u00e4st\u00e4 kahdeksaan konserttia. Niist\u00e4 v\u00e4hint\u00e4\u00e4n kaksi on taidemusiikkia sis\u00e4lt\u00e4vi\u00e4 sinfoniakonsertteja. Kotikaupunkinsa lis\u00e4ksi orkesteri on konsertoinut Helsingiss\u00e4, Jyv\u00e4skyl\u00e4ss\u00e4, Sein\u00e4joella, Tallinnassa, Turussa ja Uppsalassa. Se esiintyy my\u00f6s tilauksesta, ja on kysytty kantaesitysten soittaja. Vuonna 2022 ohjelmassa oli Janne Salmenkankaan s\u00e4velt\u00e4m\u00e4n<\/span><a href=\"https:\/\/tampereenseurakunnat.fi\/kirkko_tampereella\/uutiset_ja_media\/blogit\/maria_oratorio_valmistuu\/viides_kerta_toden_sanokoon.59454.blog#07ee837b\"> <span style=\"font-weight: 400;\">Maria-oratorion<\/span><\/a><span style=\"font-weight: 400;\"> ensikonsertti. TASO on orkesterina dokumenttielokuvassa<\/span><a href=\"https:\/\/www.arthousecinemaniagara.fi\/fi\/elokuvat\/arkisto\/tamperesinfonia\"> <span style=\"font-weight: 400;\">Tampere Sinfonia<\/span><\/a><span style=\"font-weight: 400;\"> (2018), johon musiikin on s\u00e4velt\u00e4nyt Lasse Heikkil\u00e4.\u00a0<\/span><\/p>\n<p style=\"text-align: left;\"><span style=\"font-weight: 400;\">Konsertteja on j\u00e4rjestetty yhteisty\u00f6ss\u00e4 ansioituneiden suomalaismuusikoiden, kuten Kuopion viulukilpailun finaaliin ylt\u00e4neen tamperelaissyntyisen Iidamari Ahosen kanssa. Aiemmin solisteina ovat olleet muun muassa kantelemuusikko<\/span><a href=\"https:\/\/www.evaalkula.com\/bio\"> <span style=\"font-weight: 400;\">Eva Alkula<\/span><\/a><span style=\"font-weight: 400;\">, basso Jaakko Ryh\u00e4nen, pianisti Paavali Jumppanen ja sopraano Linda Urba\u0144ski. TASOn kanssa kirkkomusiikkia ovat esitt\u00e4neet Harjun Kamarikuoro, Pirkanpojat ja nuorisokuoro Sympaatti.\u00a0<\/span><\/p>\n<p style=\"text-align: left;\"><span style=\"font-weight: 400;\">TASO konsertoi ensimm\u00e4isen kerran toukokuussa 2003 Tampereen yliopiston juhlasalissa. Se konsertoi ensimm\u00e4isen kerran toukokuussa 2003 Tampereen yliopiston juhlasalissa. Sen juuret ovat jo vuonna 1998 perustetussa\u202fjousiorkesterissa Tampereen yliopiston viulistit. Nykyisen nimens\u00e4 orkesteri sai vuonna 2008. J\u00e4senilleen TASO-yhdistys tarjoaa mahdollisuuden tavoitteelliseen soittoharrastukseen, ja suurin osa soittajista on ollut mukana useita vuosia.\u00a0<\/span><\/p>\n<p style=\"text-align: left;\">\u00a0<\/p>\n<p style=\"text-align: left;\"><span style=\"font-weight: 400;\">Teksti: Elisa af H\u00e4llstr\u00f6m<\/span><\/p>\n\n\n<figure class=\"wp-block-image size-large\"><img loading=\"lazy\" decoding=\"async\" width=\"1024\" height=\"473\" src=\"https:\/\/taso.fi\/wordpress\/wp-content\/uploads\/2024\/10\/cropped-TASO-by-VH-1024x473.png\" alt=\"\" class=\"wp-image-622\" srcset=\"https:\/\/taso.fi\/wordpress\/wp-content\/uploads\/2024\/10\/cropped-TASO-by-VH-1024x473.png 1024w, https:\/\/taso.fi\/wordpress\/wp-content\/uploads\/2024\/10\/cropped-TASO-by-VH-300x139.png 300w, https:\/\/taso.fi\/wordpress\/wp-content\/uploads\/2024\/10\/cropped-TASO-by-VH-768x355.png 768w, https:\/\/taso.fi\/wordpress\/wp-content\/uploads\/2024\/10\/cropped-TASO-by-VH.png 1080w\" sizes=\"(max-width: 1024px) 100vw, 1024px\" \/><figcaption class=\"wp-element-caption\">Kuvaaja: Ville Hautakangas<\/figcaption><\/figure>\n","protected":false},"excerpt":{"rendered":"<p>Tampereen akateeminen sinfoniaorkesteri TASO on 70 soittajan orkesteri, joka tunnetaan korkeatasoisista konserteista. Orkesterin soittajat ovat musiikin ammattilaisia, harrastajia ja opiskelijoita. Taiteellisena johtajana toimii kapellimestari Kimmo Tullila.\u00a0 Yli 20 vuoden toimintansa aikana orkesteri on soittanut monen tyylilajin musiikkia. Sen repertuaari on laaja ja vaativa, ja sis\u00e4lt\u00e4\u00e4 niin tunnettuja klassisen musiikin helmi\u00e4 kuin kevytt\u00e4, hengellist\u00e4 ja nykymusiikkiakin. [&hellip;]<\/p>\n","protected":false},"author":1,"featured_media":0,"parent":0,"menu_order":0,"comment_status":"closed","ping_status":"closed","template":"","meta":{"saved_in_kubio":true,"footnotes":""},"class_list":["post-20","page","type-page","status-publish","hentry"],"kubio_ai_page_context":{"short_desc":"","purpose":"general"},"jetpack_sharing_enabled":true,"_links":{"self":[{"href":"https:\/\/taso.fi\/wordpress\/wp-json\/wp\/v2\/pages\/20","targetHints":{"allow":["GET"]}}],"collection":[{"href":"https:\/\/taso.fi\/wordpress\/wp-json\/wp\/v2\/pages"}],"about":[{"href":"https:\/\/taso.fi\/wordpress\/wp-json\/wp\/v2\/types\/page"}],"author":[{"embeddable":true,"href":"https:\/\/taso.fi\/wordpress\/wp-json\/wp\/v2\/users\/1"}],"replies":[{"embeddable":true,"href":"https:\/\/taso.fi\/wordpress\/wp-json\/wp\/v2\/comments?post=20"}],"version-history":[{"count":27,"href":"https:\/\/taso.fi\/wordpress\/wp-json\/wp\/v2\/pages\/20\/revisions"}],"predecessor-version":[{"id":1241,"href":"https:\/\/taso.fi\/wordpress\/wp-json\/wp\/v2\/pages\/20\/revisions\/1241"}],"wp:attachment":[{"href":"https:\/\/taso.fi\/wordpress\/wp-json\/wp\/v2\/media?parent=20"}],"curies":[{"name":"wp","href":"https:\/\/api.w.org\/{rel}","templated":true}]}}