{"id":15,"date":"2018-09-13T16:21:58","date_gmt":"2018-09-13T15:21:58","guid":{"rendered":"http:\/\/taso.fi\/wordpress\/?page_id=15"},"modified":"2026-04-08T21:14:02","modified_gmt":"2026-04-08T18:14:02","slug":"tulevat-konsertit","status":"publish","type":"page","link":"https:\/\/taso.fi\/wordpress\/tulevat-konsertit\/","title":{"rendered":"Tulevat konsertit"},"content":{"rendered":"\n<h2 class=\"wp-block-heading\" id=\"konsertti-yksi\">KOHTI P\u00c4\u00c4SI\u00c4IST\u00c4<\/h2>\n\n\n\n<h3 class=\"wp-block-heading has-kubio-color-2-color has-text-color has-link-color\"><strong>LA 28.3.2026 klo 18 ALEKSANTERIN KIRKKO<\/strong><\/h3>\n\n\n\n\n\n<hr class=\"wp-block-separator has-alpha-channel-opacity is-style-wide\"\/>\n\n\n\n<h2 class=\"wp-block-heading\" id=\"konsertti-kaksi\"><strong>DRAMAATTISIA KOHTAAMISIA<\/strong><\/h2>\n\n\n\n<h3 class=\"wp-block-heading has-kubio-color-2-color has-text-color has-link-color\"><strong>KE 13.5.2026 klo 19 TAMPEREEN YLIOPISTON JUHLASALI<\/strong><\/h3>\n\n\n\n\n\n<hr class=\"wp-block-separator has-alpha-channel-opacity is-style-wide\"\/>\n\n\n\n<h2 class=\"wp-block-heading\" id=\"konsertti-kolme\"><strong>LUMIUKKO-ELOKUVAKONSERTTI<\/strong><\/h2>\n\n\n\n\n\n\n\n\n\n<hr class=\"wp-block-separator has-alpha-channel-opacity is-style-wide\"\/>\n\n\n\n<p class=\"has-small-font-size\"><br><br><\/p>\n\n\n","protected":false},"excerpt":{"rendered":"<p>KOHTI P\u00c4\u00c4SI\u00c4IST\u00c4 LA 28.3.2026 klo 18 ALEKSANTERIN KIRKKO DRAMAATTISIA KOHTAAMISIA KE 13.5.2026 klo 19 TAMPEREEN YLIOPISTON JUHLASALI LUMIUKKO-ELOKUVAKONSERTTI<\/p>\n","protected":false},"author":1,"featured_media":0,"parent":0,"menu_order":0,"comment_status":"closed","ping_status":"closed","template":"","meta":{"saved_in_kubio":true,"footnotes":""},"class_list":["post-15","page","type-page","status-publish","hentry"],"kubio_ai_page_context":{"short_desc":"","purpose":"general"},"jetpack_sharing_enabled":true,"_links":{"self":[{"href":"https:\/\/taso.fi\/wordpress\/wp-json\/wp\/v2\/pages\/15","targetHints":{"allow":["GET"]}}],"collection":[{"href":"https:\/\/taso.fi\/wordpress\/wp-json\/wp\/v2\/pages"}],"about":[{"href":"https:\/\/taso.fi\/wordpress\/wp-json\/wp\/v2\/types\/page"}],"author":[{"embeddable":true,"href":"https:\/\/taso.fi\/wordpress\/wp-json\/wp\/v2\/users\/1"}],"replies":[{"embeddable":true,"href":"https:\/\/taso.fi\/wordpress\/wp-json\/wp\/v2\/comments?post=15"}],"version-history":[{"count":189,"href":"https:\/\/taso.fi\/wordpress\/wp-json\/wp\/v2\/pages\/15\/revisions"}],"predecessor-version":[{"id":1477,"href":"https:\/\/taso.fi\/wordpress\/wp-json\/wp\/v2\/pages\/15\/revisions\/1477"}],"wp:attachment":[{"href":"https:\/\/taso.fi\/wordpress\/wp-json\/wp\/v2\/media?parent=15"}],"curies":[{"name":"wp","href":"https:\/\/api.w.org\/{rel}","templated":true}]}}